{"id":2632,"date":"2023-06-01T12:04:05","date_gmt":"2023-06-01T12:04:05","guid":{"rendered":"https:\/\/lipedemaexperts.com\/politica-de-privacidad\/"},"modified":"2023-06-01T12:13:24","modified_gmt":"2023-06-01T12:13:24","slug":"politica-de-privacidad","status":"publish","type":"page","link":"https:\/\/lipedemaexperts.com\/pt-br\/politica-de-privacidad\/","title":{"rendered":"Pol\u00edtica de privacidade"},"content":{"rendered":"\t\t<div data-elementor-type=\"wp-page\" data-elementor-id=\"2632\" class=\"elementor elementor-2632 elementor-2620\" data-elementor-post-type=\"page\">\n\t\t\t\t\t\t<header class=\"elementor-section elementor-top-section elementor-element elementor-element-1ba93994 elementor-section-full_width elementor-section-height-min-height elementor-section-content-middle elementor-section-height-default elementor-section-items-middle wpr-particle-no wpr-jarallax-no wpr-parallax-no wpr-sticky-section-no\" data-id=\"1ba93994\" data-element_type=\"section\">\n\t\t\t\t\t\t<div class=\"elementor-container elementor-column-gap-narrow\">\n\t\t\t\t\t<div class=\"elementor-column elementor-col-100 elementor-top-column elementor-element elementor-element-29be68b0\" data-id=\"29be68b0\" data-element_type=\"column\">\n\t\t\t<div class=\"elementor-widget-wrap elementor-element-populated\">\n\t\t\t\t\t\t<div class=\"elementor-element elementor-element-79a1e41f elementor-nav-menu--stretch elementor-widget__width-auto elementor-nav-menu__text-align-center elementor-nav-menu--dropdown-tablet elementor-nav-menu--toggle elementor-nav-menu--burger elementor-widget elementor-widget-nav-menu\" data-id=\"79a1e41f\" data-element_type=\"widget\" data-settings=\"{&quot;full_width&quot;:&quot;stretch&quot;,&quot;layout&quot;:&quot;horizontal&quot;,&quot;submenu_icon&quot;:{&quot;value&quot;:&quot;&lt;i class=\\&quot;fas fa-caret-down\\&quot;&gt;&lt;\\\/i&gt;&quot;,&quot;library&quot;:&quot;fa-solid&quot;},&quot;toggle&quot;:&quot;burger&quot;}\" data-widget_type=\"nav-menu.default\">\n\t\t\t\t<div class=\"elementor-widget-container\">\n\t\t\t<link rel=\"stylesheet\" href=\"https:\/\/lipedemaexperts.com\/wp-content\/plugins\/elementor-pro\/assets\/css\/widget-nav-menu.min.css\">\t\t\t<nav class=\"elementor-nav-menu--main elementor-nav-menu__container elementor-nav-menu--layout-horizontal e--pointer-underline e--animation-fade\">\n\t\t\t\t<ul id=\"menu-1-79a1e41f\" class=\"elementor-nav-menu\"><li class=\"menu-item menu-item-type-post_type menu-item-object-page menu-item-2597\"><a href=\"https:\/\/lipedemaexperts.com\/pt-br\/formacion-lipedema-university\/\" class=\"elementor-item\">Forma\u00e7\u00e3o S\u00e3o Paulo<\/a><\/li>\n<li class=\"menu-item menu-item-type-post_type menu-item-object-page menu-item-2601\"><a href=\"https:\/\/lipedemaexperts.com\/pt-br\/contacto\/\" class=\"elementor-item\">Contacto<\/a><\/li>\n<\/ul>\t\t\t<\/nav>\n\t\t\t\t\t<div class=\"elementor-menu-toggle\" role=\"button\" tabindex=\"0\" aria-label=\"Alternar menu\" aria-expanded=\"false\">\n\t\t\t<i aria-hidden=\"true\" role=\"presentation\" class=\"elementor-menu-toggle__icon--open eicon-menu-bar\"><\/i><i aria-hidden=\"true\" role=\"presentation\" class=\"elementor-menu-toggle__icon--close eicon-close\"><\/i>\t\t\t<span class=\"elementor-screen-only\">Menu<\/span>\n\t\t<\/div>\n\t\t\t\t\t<nav class=\"elementor-nav-menu--dropdown elementor-nav-menu__container\" aria-hidden=\"true\">\n\t\t\t\t<ul id=\"menu-2-79a1e41f\" class=\"elementor-nav-menu\"><li class=\"menu-item menu-item-type-post_type menu-item-object-page menu-item-2597\"><a href=\"https:\/\/lipedemaexperts.com\/pt-br\/formacion-lipedema-university\/\" class=\"elementor-item\" tabindex=\"-1\">Forma\u00e7\u00e3o S\u00e3o Paulo<\/a><\/li>\n<li class=\"menu-item menu-item-type-post_type menu-item-object-page menu-item-2601\"><a href=\"https:\/\/lipedemaexperts.com\/pt-br\/contacto\/\" class=\"elementor-item\" tabindex=\"-1\">Contacto<\/a><\/li>\n<\/ul>\t\t\t<\/nav>\n\t\t\t\t<\/div>\n\t\t\t\t<\/div>\n\t\t\t\t\t<\/div>\n\t\t<\/div>\n\t\t\t\t\t<\/div>\n\t\t<\/header>\n\t\t\t\t<section class=\"elementor-section elementor-top-section elementor-element elementor-element-144a25c elementor-section-boxed elementor-section-height-default elementor-section-height-default wpr-particle-no wpr-jarallax-no wpr-parallax-no wpr-sticky-section-no\" data-id=\"144a25c\" data-element_type=\"section\">\n\t\t\t\t\t\t<div class=\"elementor-container elementor-column-gap-default\">\n\t\t\t\t\t<div class=\"elementor-column elementor-col-33 elementor-top-column elementor-element elementor-element-940522d elementor-hidden-mobile\" data-id=\"940522d\" data-element_type=\"column\">\n\t\t\t<div class=\"elementor-widget-wrap\">\n\t\t\t\t\t\t\t<\/div>\n\t\t<\/div>\n\t\t\t\t<div class=\"elementor-column elementor-col-33 elementor-top-column elementor-element elementor-element-12b5752\" data-id=\"12b5752\" data-element_type=\"column\">\n\t\t\t<div class=\"elementor-widget-wrap elementor-element-populated\">\n\t\t\t\t\t\t<div class=\"elementor-element elementor-element-14f3c32 elementor-invisible elementor-widget elementor-widget-image\" data-id=\"14f3c32\" data-element_type=\"widget\" data-settings=\"{&quot;_animation&quot;:&quot;fadeInDown&quot;}\" data-widget_type=\"image.default\">\n\t\t\t\t<div class=\"elementor-widget-container\">\n\t\t\t<style>\/*! elementor - v3.19.0 - 07-02-2024 *\/\n.elementor-widget-image{text-align:center}.elementor-widget-image a{display:inline-block}.elementor-widget-image a img[src$=\".svg\"]{width:48px}.elementor-widget-image img{vertical-align:middle;display:inline-block}<\/style>\t\t\t\t\t\t\t\t\t\t<img fetchpriority=\"high\" decoding=\"async\" width=\"1000\" height=\"400\" src=\"https:\/\/lipedemaexperts.com\/wp-content\/uploads\/2023\/04\/lipedema-sin-fondo.png\" class=\"attachment-full size-full wp-image-1629\" alt=\"\" srcset=\"https:\/\/lipedemaexperts.com\/wp-content\/uploads\/2023\/04\/lipedema-sin-fondo.png 1000w, https:\/\/lipedemaexperts.com\/wp-content\/uploads\/2023\/04\/lipedema-sin-fondo-300x120.png 300w, https:\/\/lipedemaexperts.com\/wp-content\/uploads\/2023\/04\/lipedema-sin-fondo-768x307.png 768w\" sizes=\"(max-width: 1000px) 100vw, 1000px\" \/>\t\t\t\t\t\t\t\t\t\t\t\t\t<\/div>\n\t\t\t\t<\/div>\n\t\t\t\t\t<\/div>\n\t\t<\/div>\n\t\t\t\t<div class=\"elementor-column elementor-col-33 elementor-top-column elementor-element elementor-element-3c2cb3b elementor-hidden-mobile\" data-id=\"3c2cb3b\" data-element_type=\"column\">\n\t\t\t<div class=\"elementor-widget-wrap\">\n\t\t\t\t\t\t\t<\/div>\n\t\t<\/div>\n\t\t\t\t\t<\/div>\n\t\t<\/section>\n\t\t\t\t<section class=\"elementor-section elementor-top-section elementor-element elementor-element-33bbd9f elementor-section-boxed elementor-section-height-default elementor-section-height-default wpr-particle-no wpr-jarallax-no wpr-parallax-no wpr-sticky-section-no\" data-id=\"33bbd9f\" data-element_type=\"section\">\n\t\t\t\t\t\t<div class=\"elementor-container elementor-column-gap-default\">\n\t\t\t\t\t<div class=\"elementor-column elementor-col-100 elementor-top-column elementor-element elementor-element-1be2da5\" data-id=\"1be2da5\" data-element_type=\"column\">\n\t\t\t<div class=\"elementor-widget-wrap elementor-element-populated\">\n\t\t\t\t\t\t<div class=\"elementor-element elementor-element-4a9c45f elementor-invisible elementor-widget elementor-widget-heading\" data-id=\"4a9c45f\" data-element_type=\"widget\" data-settings=\"{&quot;_animation&quot;:&quot;fadeIn&quot;}\" data-widget_type=\"heading.default\">\n\t\t\t\t<div class=\"elementor-widget-container\">\n\t\t\t<style>\/*! elementor - v3.19.0 - 07-02-2024 *\/\n.elementor-heading-title{padding:0;margin:0;line-height:1}.elementor-widget-heading .elementor-heading-title[class*=elementor-size-]>a{color:inherit;font-size:inherit;line-height:inherit}.elementor-widget-heading .elementor-heading-title.elementor-size-small{font-size:15px}.elementor-widget-heading .elementor-heading-title.elementor-size-medium{font-size:19px}.elementor-widget-heading .elementor-heading-title.elementor-size-large{font-size:29px}.elementor-widget-heading .elementor-heading-title.elementor-size-xl{font-size:39px}.elementor-widget-heading .elementor-heading-title.elementor-size-xxl{font-size:59px}<\/style><p class=\"elementor-heading-title elementor-size-default\">Pol\u00edtica de privacidade<\/p>\t\t<\/div>\n\t\t\t\t<\/div>\n\t\t\t\t\t<\/div>\n\t\t<\/div>\n\t\t\t\t\t<\/div>\n\t\t<\/section>\n\t\t\t\t<section class=\"elementor-section elementor-top-section elementor-element elementor-element-a58f736 elementor-section-boxed elementor-section-height-default elementor-section-height-default wpr-particle-no wpr-jarallax-no wpr-parallax-no wpr-sticky-section-no\" data-id=\"a58f736\" data-element_type=\"section\">\n\t\t\t\t\t\t<div class=\"elementor-container elementor-column-gap-default\">\n\t\t\t\t\t<div class=\"elementor-column elementor-col-100 elementor-top-column elementor-element elementor-element-2ddd05d\" data-id=\"2ddd05d\" data-element_type=\"column\">\n\t\t\t<div class=\"elementor-widget-wrap elementor-element-populated\">\n\t\t\t\t\t\t<div class=\"elementor-element elementor-element-1964eb8 elementor-invisible elementor-widget elementor-widget-text-editor\" data-id=\"1964eb8\" data-element_type=\"widget\" data-settings=\"{&quot;_animation&quot;:&quot;fadeIn&quot;}\" data-widget_type=\"text-editor.default\">\n\t\t\t\t<div class=\"elementor-widget-container\">\n\t\t\t<style>\/*! elementor - v3.19.0 - 07-02-2024 *\/\n.elementor-widget-text-editor.elementor-drop-cap-view-stacked .elementor-drop-cap{background-color:#69727d;color:#fff}.elementor-widget-text-editor.elementor-drop-cap-view-framed .elementor-drop-cap{color:#69727d;border:3px solid;background-color:transparent}.elementor-widget-text-editor:not(.elementor-drop-cap-view-default) .elementor-drop-cap{margin-top:8px}.elementor-widget-text-editor:not(.elementor-drop-cap-view-default) .elementor-drop-cap-letter{width:1em;height:1em}.elementor-widget-text-editor .elementor-drop-cap{float:left;text-align:center;line-height:1;font-size:50px}.elementor-widget-text-editor .elementor-drop-cap-letter{display:inline-block}<\/style>\t\t\t\t<p>En cumplimiento del Reglamento (UE) 2016\/679 del Parlamento Europeo y del Consejo, de 27 de abril de 2016, relativo a la protecci\u00f3n de las personas f\u00edsicas en lo que respecta al tratamiento de datos personales, por el que se deroga la directiva 95\/46\/CE (en adelante, RGPD), de la Ley 34\/2002, de 11 de julio, de servicios de la sociedad de la informaci\u00f3n y comercio electr\u00f3nico (en adelante, LSSI-CE) y de la Ley Org\u00e1nica 3\/2018, de Protecci\u00f3n de Datos Personales y garant\u00eda de los derechos digitales (en adelante, LOPDGDD),\u00a0<em><strong>LIPEDEMA EXPERTS<\/strong><\/em>\u00a0garantiza la protecci\u00f3n y confidencialidad de los datos personales, de cualquier tipo que nos proporcionen nuestros clientes, de acuerdo con lo dispuesto en el Reglamento General de Protecci\u00f3n de Datos de Car\u00e1cter Personal.<\/p><p>Los datos facilitados ser\u00e1n tratados en los t\u00e9rminos establecidos en el RGPD, en ese sentido <em><strong>LIPEDEMA EXPERTS<\/strong><\/em>\u00a0\u00a0ha adoptado los niveles de protecci\u00f3n que legalmente se exigen, y ha instalado todas las medidas t\u00e9cnicas a su alcance para evitar la p\u00e9rdida, mal uso, alteraci\u00f3n, acceso no autorizado por terceros, expuestos a continuaci\u00f3n. No obstante, el usuario debe ser consciente de que las medidas de seguridad en Internet no son inexpugnables.<\/p><p><strong>Responsable del tratamiento<\/strong><br \/><strong>Denominaci\u00f3n:<\/strong> LIPEDEMA EXPERTS\u00a0<br \/><strong>Correo electr\u00f3nico:<\/strong> secretaria@lipedemaexperts.com<\/p><p><strong>Finalidad del tratamiento<\/strong><br \/>Todos los datos facilitados por nuestros clientes y\/o visitantes en la web de <em><strong>LIPEDEMA EXPERTS<\/strong><\/em> o a su personal, ser\u00e1n incluidos en registro de actividades de tratamiento de datos de car\u00e1cter personal, creado y mantenido bajo la responsabilidad de <em><strong>LIPEDEMA EXPERTS<\/strong><\/em>, imprescindibles para prestar los servicios solicitados por los usuarios, o para resolver las dudas o cuestiones planteadas por nuestros visitantes. Nuestra pol\u00edtica es no elaborar perfiles sobre los usuarios de nuestros servicios.<\/p><p><strong>Legitimidad del tratamiento<\/strong><\/p><ol type=\"a\"><li>Relaci\u00f3n contractual: Es la que aplica cuando compra uno de nuestros productos o contrata alguno de nuestros servicios.<\/li><li>Inter\u00e9s leg\u00edtimo: Para atender a las consultas y reclamaciones que nos plantee y para gestionar el cobro de las cantidades adeudadas.<\/li><li>Su consentimiento: Si es usuario de nuestra web, mediante la marcaci\u00f3n de la casilla que figura en el formulario de contacto, nos autoriza a que le remitamos las comunicaciones necesarias para dar respuesta a la consulta o solicitud de informaci\u00f3n planteada.<\/li><\/ol><p><strong>Destinatarios<\/strong><br \/>No cedemos sus datos personales a nadie, a excepci\u00f3n de aquellas entidades p\u00fablicas o privadas a las cuales estemos obligados a facilitar sus datos personales con motivo del cumplimiento de alguna ley. Por poner un ejemplo, la Ley Tributaria obliga a facilitar a la Agencia Tributaria determinada informaci\u00f3n sobre operaciones econ\u00f3micas que superen una determinada cantidad.<\/p><p>En el caso de que, al margen de los supuestos comentados, necesitemos dar a conocer su informaci\u00f3n personal a otras entidades, le solicitaremos previamente su permiso a trav\u00e9s de opciones claras que le permitir\u00e1n decidir a este respecto.<\/p><p><strong>Comunicaci\u00f3n<\/strong><br \/>No realizaremos transferencias internacionales de sus datos personales para ninguna de las finalidades indicadas.<\/p><p><strong>Conservaci\u00f3n<\/strong><br \/>Solo conservaremos sus datos personales durante el tiempo que resulte necesario para lograr los fines para los que fueron recabados. A la hora de determinar el oportuno periodo de conservaci\u00f3n, examinamos los riesgos que conlleva el tratamiento, as\u00ed como nuestras obligaciones contractuales, legales y normativas, las pol\u00edticas internas de conservaci\u00f3n de datos y nuestros intereses de negocio leg\u00edtimos descritos en el presente Aviso de Privacidad y Pol\u00edtica de Cookies.<\/p><p>En este sentido, <em><strong>LIPEDEMA EXPERTS<\/strong><\/em>\u00a0conservar\u00e1 los datos personales una vez terminada su relaci\u00f3n con Ud., debidamente bloqueados, durante el plazo de prescripci\u00f3n de las acciones que pudieran derivarse de la relaci\u00f3n mantenida con el interesado.<\/p><p>Una vez bloqueados, sus datos resultar\u00e1n inaccesibles para <em><strong>LIPEDEMA EXPERTS<\/strong><\/em>, y no ser\u00e1n tratados excepto para su puesta a disposici\u00f3n a las Administraciones p\u00fablicas, Jueces y Tribunales, para la atenci\u00f3n de las posibles responsabilidades nacidas de los tratamientos, as\u00ed como para el ejercicio y defensa de reclamaciones ante la Agencia Espa\u00f1ola de Protecci\u00f3n de Datos.<\/p><p><strong>Seguridad<\/strong><br \/>Empleamos todos los esfuerzos razonables para mantener la confidencialidad de la informaci\u00f3n personal que se trate en nuestros sistemas. Mantenemos estrictos niveles de seguridad para proteger los datos de car\u00e1cter personal que procesamos frente a p\u00e9rdidas fortuitas y a accesos, tratamientos o revelaciones no autorizados, habida cuenta del estado de la tecnolog\u00eda, la naturaleza y los riesgos a que est\u00e1n expuestos los datos. No obstante, no podemos responsabilizarnos del uso que Ud. haga de los datos (incluido usuario y contrase\u00f1a) que utilice en nuestra web. Nuestro personal sigue estrictas normas de privacidad y en el caso de que contratemos a terceros para prestar servicios de soporte, les exigimos que acaten las mismas normas y nos permitan auditarles para verificar su cumplimiento.<\/p><p><strong>Sus derechos<\/strong><br \/>Le informamos que podr\u00e1 ejercer los siguientes derechos:<\/p><ol type=\"a\"><li>Derecho de acceso a sus datos personales, para saber cu\u00e1les est\u00e1n siendo objeto de tratamiento y las operaciones de tratamiento llevadas a cabo con ellos;<\/li><li>Derecho de rectificaci\u00f3n de cualquier dato personal inexacto;<\/li><li>Derecho de supresi\u00f3n de sus datos personales, cuando esto sea posible (por ejemplo, por imperativo legal);<\/li><li>Derecho de limitaci\u00f3n del tratamiento de sus datos personales cuando la exactitud, la legalidad o la necesidad del tratamiento de los datos resulte dudosa, en cuyo caso, podremos conservarlos para el ejercicio o la defensa de reclamaciones.<\/li><li>Derecho de oposici\u00f3n al tratamiento de sus datos personales, cuando la base legal que nos habilite para su tratamiento de las indicadas sea nuestro inter\u00e9s leg\u00edtimo. \u00abNombre_Empresa\u00bb dejar\u00e1 de tratar tus datos salvo que tenga un inter\u00e9s leg\u00edtimo o sea necesario para la defensa de reclamaciones.<\/li><li>Derecho a la portabilidad de sus datos, cuando la base legal que nos habilite para su tratamiento sea la existencia de una relaci\u00f3n contractual o su consentimiento.<\/li><li>Derecho a revocar el consentimiento otorgado a <em><strong>LIPEDEMA EXPERTS<\/strong><\/em><strong>.<\/strong><\/li><\/ol><p>Para ejercitar sus derechos, puede hacerlo de manera gratuita.<\/p><p><strong>Tutela de derechos<\/strong><br \/>En caso de que entienda que sus derechos han sido desatendidos por nuestra entidad, puede formular una reclamaci\u00f3n en la Agencia Espa\u00f1ola de Protecci\u00f3n de Datos, a trav\u00e9s de alguno de los medios siguientes:<\/p><ul><li>Sede electr\u00f3nica:\u00a0<a href=\"https:\/\/www.aepd.es\/\">https:\/\/www.aepd.es<\/a><\/li><li>Correo postal: Agencia Espa\u00f1ola de Protecci\u00f3n de Datos, C\/ Jorge Juan, 6, 28001, Madrid<\/li><li>Tel\u00e9fono: 901.100.099 y 912.663.517<\/li><\/ul><p>Formular una reclamaci\u00f3n en la Agencia Espa\u00f1ola de Protecci\u00f3n de Datos no conlleva ning\u00fan coste y no es necesaria la asistencia de abogado ni procurador.<\/p><p><strong>Actualizaciones<\/strong><br \/><em><strong>LIPEDEMA EXPERTS<\/strong><\/em> se reserva el derecho a modificar la presente pol\u00edtica para adaptarla a novedades legistlativas o jurisprudenciales que puedan afectar el cumplimiento de la misma.<\/p>\t\t\t\t\t\t<\/div>\n\t\t\t\t<\/div>\n\t\t\t\t\t<\/div>\n\t\t<\/div>\n\t\t\t\t\t<\/div>\n\t\t<\/section>\n\t\t\t\t<\/div>\n\t\t","protected":false},"excerpt":{"rendered":"<p>Pol\u00edtica de privacidade En cumplimiento del Reglamento (UE) 2016\/679 del Parlamento Europeo y del Consejo, de 27 de abril de 2016, relativo a la protecci\u00f3n de las personas f\u00edsicas en lo que respecta al tratamiento de datos personales, por el que se deroga la directiva 95\/46\/CE (en adelante, RGPD), de la Ley 34\/2002, de 11 &#8230; <a title=\"Pol\u00edtica de privacidade\" class=\"read-more\" href=\"https:\/\/lipedemaexperts.com\/pt-br\/politica-de-privacidad\/\" aria-label=\"Read more about Pol\u00edtica de privacidade\">Ler mais<\/a><\/p>\n","protected":false},"author":2,"featured_media":0,"parent":0,"menu_order":0,"comment_status":"closed","ping_status":"closed","template":"elementor_canvas","meta":{"footnotes":""},"class_list":["post-2632","page","type-page","status-publish"],"yoast_head":"<!-- This site is optimized with the Yoast SEO plugin v22.0 - https:\/\/yoast.com\/wordpress\/plugins\/seo\/ -->\n<title>Pol\u00edtica de privacidade - Lipedema Experts<\/title>\n<meta name=\"robots\" content=\"index, follow, max-snippet:-1, max-image-preview:large, max-video-preview:-1\" \/>\n<link rel=\"canonical\" href=\"https:\/\/lipedemaexperts.com\/pt-br\/politica-de-privacidad\/\" \/>\n<meta property=\"og:locale\" content=\"pt_BR\" \/>\n<meta property=\"og:type\" content=\"article\" \/>\n<meta property=\"og:title\" content=\"Pol\u00edtica de privacidade - Lipedema Experts\" \/>\n<meta property=\"og:description\" content=\"Pol\u00edtica de privacidade En cumplimiento del Reglamento (UE) 2016\/679 del Parlamento Europeo y del Consejo, de 27 de abril de 2016, relativo a la protecci\u00f3n de las personas f\u00edsicas en lo que respecta al tratamiento de datos personales, por el que se deroga la directiva 95\/46\/CE (en adelante, RGPD), de la Ley 34\/2002, de 11 ... Ler mais\" \/>\n<meta property=\"og:url\" content=\"https:\/\/lipedemaexperts.com\/pt-br\/politica-de-privacidad\/\" \/>\n<meta property=\"og:site_name\" content=\"Lipedema Experts\" \/>\n<meta property=\"article:modified_time\" content=\"2023-06-01T12:13:24+00:00\" \/>\n<meta property=\"og:image\" content=\"https:\/\/lipedemaexperts.com\/wp-content\/uploads\/2023\/04\/lipedema-sin-fondo.png\" \/>\n<meta name=\"twitter:card\" content=\"summary_large_image\" \/>\n<meta name=\"twitter:label1\" content=\"Est. tempo de leitura\" \/>\n\t<meta name=\"twitter:data1\" content=\"7 minutos\" \/>\n<script type=\"application\/ld+json\" class=\"yoast-schema-graph\">{\"@context\":\"https:\/\/schema.org\",\"@graph\":[{\"@type\":\"WebPage\",\"@id\":\"https:\/\/lipedemaexperts.com\/pt-br\/politica-de-privacidad\/\",\"url\":\"https:\/\/lipedemaexperts.com\/pt-br\/politica-de-privacidad\/\",\"name\":\"Pol\u00edtica de privacidade - Lipedema Experts\",\"isPartOf\":{\"@id\":\"https:\/\/lipedemaexperts.com\/#website\"},\"datePublished\":\"2023-06-01T12:04:05+00:00\",\"dateModified\":\"2023-06-01T12:13:24+00:00\",\"breadcrumb\":{\"@id\":\"https:\/\/lipedemaexperts.com\/pt-br\/politica-de-privacidad\/#breadcrumb\"},\"inLanguage\":\"pt-BR\",\"potentialAction\":[{\"@type\":\"ReadAction\",\"target\":[\"https:\/\/lipedemaexperts.com\/pt-br\/politica-de-privacidad\/\"]}]},{\"@type\":\"BreadcrumbList\",\"@id\":\"https:\/\/lipedemaexperts.com\/pt-br\/politica-de-privacidad\/#breadcrumb\",\"itemListElement\":[{\"@type\":\"ListItem\",\"position\":1,\"name\":\"Home\",\"item\":\"https:\/\/lipedemaexperts.com\/\"},{\"@type\":\"ListItem\",\"position\":2,\"name\":\"Pol\u00edtica de privacidade\"}]},{\"@type\":\"WebSite\",\"@id\":\"https:\/\/lipedemaexperts.com\/#website\",\"url\":\"https:\/\/lipedemaexperts.com\/\",\"name\":\"Lipedema Experts\",\"description\":\"Plataforma de formaci\u00f3n especializada en lipedemas.\",\"potentialAction\":[{\"@type\":\"SearchAction\",\"target\":{\"@type\":\"EntryPoint\",\"urlTemplate\":\"https:\/\/lipedemaexperts.com\/?s={search_term_string}\"},\"query-input\":\"required name=search_term_string\"}],\"inLanguage\":\"pt-BR\"}]}<\/script>\n<!-- \/ Yoast SEO plugin. -->","yoast_head_json":{"title":"Pol\u00edtica de privacidade - Lipedema Experts","robots":{"index":"index","follow":"follow","max-snippet":"max-snippet:-1","max-image-preview":"max-image-preview:large","max-video-preview":"max-video-preview:-1"},"canonical":"https:\/\/lipedemaexperts.com\/pt-br\/politica-de-privacidad\/","og_locale":"pt_BR","og_type":"article","og_title":"Pol\u00edtica de privacidade - Lipedema Experts","og_description":"Pol\u00edtica de privacidade En cumplimiento del Reglamento (UE) 2016\/679 del Parlamento Europeo y del Consejo, de 27 de abril de 2016, relativo a la protecci\u00f3n de las personas f\u00edsicas en lo que respecta al tratamiento de datos personales, por el que se deroga la directiva 95\/46\/CE (en adelante, RGPD), de la Ley 34\/2002, de 11 ... Ler mais","og_url":"https:\/\/lipedemaexperts.com\/pt-br\/politica-de-privacidad\/","og_site_name":"Lipedema Experts","article_modified_time":"2023-06-01T12:13:24+00:00","og_image":[{"url":"https:\/\/lipedemaexperts.com\/wp-content\/uploads\/2023\/04\/lipedema-sin-fondo.png"}],"twitter_card":"summary_large_image","twitter_misc":{"Est. tempo de leitura":"7 minutos"},"schema":{"@context":"https:\/\/schema.org","@graph":[{"@type":"WebPage","@id":"https:\/\/lipedemaexperts.com\/pt-br\/politica-de-privacidad\/","url":"https:\/\/lipedemaexperts.com\/pt-br\/politica-de-privacidad\/","name":"Pol\u00edtica de privacidade - Lipedema Experts","isPartOf":{"@id":"https:\/\/lipedemaexperts.com\/#website"},"datePublished":"2023-06-01T12:04:05+00:00","dateModified":"2023-06-01T12:13:24+00:00","breadcrumb":{"@id":"https:\/\/lipedemaexperts.com\/pt-br\/politica-de-privacidad\/#breadcrumb"},"inLanguage":"pt-BR","potentialAction":[{"@type":"ReadAction","target":["https:\/\/lipedemaexperts.com\/pt-br\/politica-de-privacidad\/"]}]},{"@type":"BreadcrumbList","@id":"https:\/\/lipedemaexperts.com\/pt-br\/politica-de-privacidad\/#breadcrumb","itemListElement":[{"@type":"ListItem","position":1,"name":"Home","item":"https:\/\/lipedemaexperts.com\/"},{"@type":"ListItem","position":2,"name":"Pol\u00edtica de privacidade"}]},{"@type":"WebSite","@id":"https:\/\/lipedemaexperts.com\/#website","url":"https:\/\/lipedemaexperts.com\/","name":"Lipedema Experts","description":"Plataforma de formaci\u00f3n especializada en lipedemas.","potentialAction":[{"@type":"SearchAction","target":{"@type":"EntryPoint","urlTemplate":"https:\/\/lipedemaexperts.com\/?s={search_term_string}"},"query-input":"required name=search_term_string"}],"inLanguage":"pt-BR"}]}},"_links":{"self":[{"href":"https:\/\/lipedemaexperts.com\/pt-br\/wp-json\/wp\/v2\/pages\/2632","targetHints":{"allow":["GET"]}}],"collection":[{"href":"https:\/\/lipedemaexperts.com\/pt-br\/wp-json\/wp\/v2\/pages"}],"about":[{"href":"https:\/\/lipedemaexperts.com\/pt-br\/wp-json\/wp\/v2\/types\/page"}],"author":[{"embeddable":true,"href":"https:\/\/lipedemaexperts.com\/pt-br\/wp-json\/wp\/v2\/users\/2"}],"replies":[{"embeddable":true,"href":"https:\/\/lipedemaexperts.com\/pt-br\/wp-json\/wp\/v2\/comments?post=2632"}],"version-history":[{"count":4,"href":"https:\/\/lipedemaexperts.com\/pt-br\/wp-json\/wp\/v2\/pages\/2632\/revisions"}],"predecessor-version":[{"id":2636,"href":"https:\/\/lipedemaexperts.com\/pt-br\/wp-json\/wp\/v2\/pages\/2632\/revisions\/2636"}],"wp:attachment":[{"href":"https:\/\/lipedemaexperts.com\/pt-br\/wp-json\/wp\/v2\/media?parent=2632"}],"curies":[{"name":"wp","href":"https:\/\/api.w.org\/{rel}","templated":true}]}}